{"id":1154,"date":"2024-01-11T14:02:51","date_gmt":"2024-01-11T14:02:51","guid":{"rendered":"https:\/\/shop.packfix.de\/?page_id=1154"},"modified":"2024-01-11T14:02:51","modified_gmt":"2024-01-11T14:02:51","slug":"geschenkpapier","status":"publish","type":"page","link":"https:\/\/shop.packfix.de\/?page_id=1154","title":{"rendered":"Geschenkpapier"},"content":{"rendered":"<p>[et_pb_section fb_built=&#8221;1&#8243; theme_builder_area=&#8221;post_content&#8221; _builder_version=&#8221;4.21.0&#8243; _module_preset=&#8221;default&#8221;][et_pb_row _builder_version=&#8221;4.21.0&#8243; _module_preset=&#8221;default&#8221; theme_builder_area=&#8221;post_content&#8221;][et_pb_column _builder_version=&#8221;4.21.0&#8243; _module_preset=&#8221;default&#8221; type=&#8221;4_4&#8243; theme_builder_area=&#8221;post_content&#8221;][et_pb_text _builder_version=&#8221;4.21.0&#8243; _module_preset=&#8221;default&#8221; theme_builder_area=&#8221;post_content&#8221; hover_enabled=&#8221;0&#8243; sticky_enabled=&#8221;0&#8243;]<\/p>\n<h1><strong><span style=\"color: #333399;\">Geschenkpapiere<\/span><\/strong><\/h1>\n<p>[\/et_pb_text][\/et_pb_column][\/et_pb_row][et_pb_row _builder_version=&#8221;4.21.0&#8243; _module_preset=&#8221;default&#8221; theme_builder_area=&#8221;post_content&#8221; column_structure=&#8221;1_2,1_2&#8243;][et_pb_column _builder_version=&#8221;4.21.0&#8243; _module_preset=&#8221;default&#8221; type=&#8221;1_2&#8243; theme_builder_area=&#8221;post_content&#8221;][et_pb_text _builder_version=&#8221;4.21.0&#8243; _module_preset=&#8221;default&#8221; theme_builder_area=&#8221;post_content&#8221; hover_enabled=&#8221;0&#8243; sticky_enabled=&#8221;0&#8243;]<\/p>\n<div class=\"flex-shrink-0 flex flex-col relative items-end\">\n<div class=\"pt-0.5\">\n<div class=\"gizmo-shadow-stroke flex h-6 w-6 items-center justify-center overflow-hidden rounded-full\">Willkommen in unserer Geschenkpapier Kategorie!<\/div>\n<\/div>\n<\/div>\n<div class=\"relative flex w-full flex-col lg:w-[calc(100%-115px)] agent-turn\">\n<div class=\"flex-col gap-1 md:gap-3\">\n<div class=\"flex flex-grow flex-col max-w-full\">\n<div data-message-author-role=\"assistant\" data-message-id=\"45327238-8251-4155-88f2-c349a3685814\" class=\"min-h-[20px] text-message flex flex-col items-start gap-3 whitespace-pre-wrap break-words [.text-message+&amp;]:mt-5 overflow-x-auto\">\n<div class=\"markdown prose w-full break-words dark:prose-invert light\">\n<p>Wir arbeiten derzeit daran, unsere vielf\u00e4ltige Auswahl an wundersch\u00f6nem Geschenkpapier in unserem Onlineshop f\u00fcr Sie vorzubereiten. In K\u00fcrze werden Sie hier eine breite Palette an kreativen und hochwertigen Geschenkpapieren finden, die Ihre Geschenke in echte Hingucker verwandeln.<\/p>\n<p>Bis zur Fertigstellung unserer Geschenkpapier Kategorie k\u00f6nnen Sie sich gerne bei uns melden, wenn Sie spezielle Anfragen haben oder mehr \u00fcber unser Angebot erfahren m\u00f6chten. Wir freuen uns darauf, Ihnen bald unser Sortiment pr\u00e4sentieren zu k\u00f6nnen und Ihre Geschenke in etwas Besonderes zu verwandeln.<\/p>\n<p>Vielen Dank f\u00fcr Ihr Interesse an unseren Produkten.\u00a0<\/p>\n<\/div>\n<\/div>\n<\/div>\n<\/div>\n<\/div>\n<p>[\/et_pb_text][\/et_pb_column][et_pb_column _builder_version=&#8221;4.21.0&#8243; _module_preset=&#8221;default&#8221; type=&#8221;1_2&#8243; theme_builder_area=&#8221;post_content&#8221;][et_pb_text _builder_version=&#8221;4.21.0&#8243; _module_preset=&#8221;default&#8221; theme_builder_area=&#8221;post_content&#8221; hover_enabled=&#8221;0&#8243; sticky_enabled=&#8221;0&#8243;]<\/p>\n<ul>\n<li><strong>Packfix Geschenkpapier 2023 \u201eGANZJAHR<\/strong>\n<ul>\n<li><a href=\"https:\/\/www.packfix.de\/geschenkpapier-2023-ganzjahr-deluxe.html\" target=\"_blank\" rel=\"noopener\">g1-DELUXE<\/a><\/li>\n<li><a href=\"https:\/\/www.packfix.de\/geschenkpapier-2023-ganzjahr-g-2-trend.html\" target=\"_blank\" rel=\"noopener\">g2-TREND<\/a><\/li>\n<li><a href=\"https:\/\/www.packfix.de\/geschenkpapier-2023-ganzjahrg3-kraft-recycelt.html\" target=\"_blank\" rel=\"noopener\">g3-KRAFT &amp; RECYCLED<\/a><\/li>\n<li><a href=\"https:\/\/www.packfix.de\/geschenkpapier-2023-ganzjahr-g4-gras-zuckerruebe.html\" target=\"_blank\" rel=\"noopener\">g4 &#8211; GRAS &amp; ZUCKERRUEBE<\/a><\/li>\n<li><a href=\"https:\/\/www.packfix.de\/geschenkpapier-2023-ganzjahr-g5-duo.html\" target=\"_blank\" rel=\"noopener\">g5-DUO<\/a><\/li>\n<li><a href=\"https:\/\/www.packfix.de\/geschenkpapier-2023-ganzjahr-g6-kinder.html\" target=\"_blank\" rel=\"noopener\">g6-KINDER<\/a><\/li>\n<\/ul>\n<\/li>\n<li><strong>Packfix Geschenkpapier 2023 \u201eThemen\u201c<\/strong>\n<ul>\n<li><a href=\"https:\/\/www.packfix.de\/geschenkpapier-2023-themen-t1-buchhandel-motive.html\" target=\"_blank\" rel=\"noopener\">T1-BUCHHANDEL MOTIVE<\/a><\/li>\n<li><a href=\"https:\/\/www.packfix.de\/geschenkpapier-2023-themen-t2-parfuemerie-juwelier-motive.html\" target=\"_blank\" rel=\"noopener\">T2-PARF\u00dcMERIE &amp; JUWELIER<\/a><\/li>\n<li><a href=\"https:\/\/www.packfix.de\/geschenkpapier-2023-themen-t3-florales-tiermotive.html\" target=\"_blank\" rel=\"noopener\">T3-FLORALES &amp; TIERMOTIVE<\/a><\/li>\n<li><a href=\"https:\/\/www.packfix.de\/geschenkpapier-2023-themen-t4-party-love-motive.html\" target=\"_blank\" rel=\"noopener\">T4-PARTY &amp; LOVE MOTIVE<\/a><\/li>\n<li><a href=\"https:\/\/www.packfix.de\/geschenkpapier-2023-themen-t5-herbst-winter.html\" target=\"_blank\" rel=\"noopener\">T5-HERBST &amp; WINTER<\/a><\/li>\n<li><a href=\"https:\/\/www.packfix.de\/geschenkpapier-2023-themen-t6-lauflaengen-bis-100-meter.html\" target=\"_blank\" rel=\"noopener\">T6-LAUFL\u00c4NGEN BIS 100 METER<\/a><\/li>\n<\/ul>\n<\/li>\n<li><strong>Packfix Geschenkpapier 2023 \u201eUNI\u201c<\/strong>\n<ul>\n<li><a href=\"https:\/\/www.packfix.de\/geschenkpapier-2023-uni-u1-uni.html\" target=\"_blank\" rel=\"noopener\">u1-UNI<\/a><\/li>\n<li><a href=\"https:\/\/www.packfix.de\/geschenkpapier-2023-uni-u2-kraft-recycelt.html\" target=\"_blank\" rel=\"noopener\">u2-KRAFT &amp; RECYCELT<\/a><\/li>\n<li><a href=\"https:\/\/www.packfix.de\/geschenkpapier-2023-uni-u3-duo.html\" target=\"_blank\" rel=\"noopener\">u3-DUO<\/a><\/li>\n<li><a href=\"https:\/\/www.packfix.de\/geschenkpapier-2023-uni-u4-effekt-praegung.html\" target=\"_blank\" rel=\"noopener\">U4-EFFEKT &amp; PRAEGUNG<\/a><\/li>\n<\/ul>\n<\/li>\n<li><strong>Packfix Geschenkpapier 2023 \u201eWEIHNACHTEN\u201c<\/strong>\n<ul>\n<li><a href=\"https:\/\/www.packfix.de\/geschenkpapier-2023-weihnachten-x1-deluxe.html\" target=\"_blank\" rel=\"noopener\">x1-DELUXE<\/a><\/li>\n<li><a href=\"https:\/\/www.packfix.de\/geschenkpapier-2023-weihnachten-x2-trend.html\" target=\"_blank\" rel=\"noopener\">x2-TREND<\/a><\/li>\n<li><a href=\"https:\/\/www.packfix.de\/geschenkpapier-2023-weihnachten-x3-kraft-recycelt.html\" target=\"_blank\" rel=\"noopener\">x3-KRAFT &amp; RECYCLED<\/a><\/li>\n<li><a href=\"https:\/\/www.packfix.de\/geschenkpapier-2023-weihnachten-x4-gras-zuckerrueben.html\" target=\"_blank\" rel=\"noopener\">x4-GRAS &amp; ZUCKERRUEBEN<\/a><\/li>\n<li><a href=\"https:\/\/www.packfix.de\/geschenkpapier-2023-weihnachten-x5-duo.html\" target=\"_blank\" rel=\"noopener\">x5-DUO<\/a><\/li>\n<\/ul>\n<\/li>\n<li><strong>Packfix SEIDENPAPIER<\/strong>\n<ul>\n<li><a href=\"https:\/\/www.packfix.de\/seidenpapiere-2023-s1-seidenpapier-17g-bogen-uni.html\" target=\"_blank\" rel=\"noopener\">s1-B\u00d6GEN 17g UNI<\/a><\/li>\n<li><a href=\"https:\/\/www.packfix.de\/seidenpapiere-2023-s2-seidenpapier-17g-bogen-spezial.html\" target=\"_blank\" rel=\"noopener\">s2-B\u00d6GEN SPEZIAL 17g<\/a><\/li>\n<li><a href=\"https:\/\/www.packfix.de\/s3-blumenseide-30g-rollenbogen.html\" target=\"_blank\" rel=\"noopener\">S3-BLUMENSEIDE 30g ROLLEN &amp; BOGEN<\/a><a href=\"https:\/\/www.packfix.de\/packfix_abrollsysteme\/\" target=\"_blank\" rel=\"noopener\"><\/a><\/li>\n<\/ul>\n<\/li>\n<li><strong>Packfix LAGERWARE<\/strong>\n<ul>\n<li><a href=\"https:\/\/www.packfix.de\/geschenkpapier-30cm-sofort-lieferbar.html\" target=\"_blank\" rel=\"noopener\">Geschenkpapier 30cm sofort lieferbar<\/a><\/li>\n<li><a href=\"https:\/\/www.packfix.de\/geschenkpapier-50cm-sofort-lieferbar.html\" target=\"_blank\" rel=\"noopener\">Geschenkpapier 50cm sofort lieferbar<\/a><\/li>\n<li><a href=\"https:\/\/www.packfix.de\/geschenkpapier-70cm-sofort-lieferbar.html\" target=\"_blank\" rel=\"noopener\">Geschenkpapier 70cm sofort lieferbar<\/a><\/li>\n<\/ul>\n<\/li>\n<\/ul>\n<p>[\/et_pb_text][\/et_pb_column][\/et_pb_row][\/et_pb_section]<\/p>\n","protected":false},"excerpt":{"rendered":"<p>Geschenkpapiere Willkommen in unserer Geschenkpapier Kategorie! Wir arbeiten derzeit daran, unsere vielf\u00e4ltige Auswahl an wundersch\u00f6nem Geschenkpapier in unserem Onlineshop f\u00fcr Sie vorzubereiten. In K\u00fcrze werden Sie hier eine breite Palette an kreativen und hochwertigen Geschenkpapieren finden, die Ihre Geschenke in echte Hingucker verwandeln. Bis zur Fertigstellung unserer Geschenkpapier Kategorie k\u00f6nnen Sie sich gerne bei uns [&hellip;]<\/p>\n","protected":false},"author":1,"featured_media":0,"parent":0,"menu_order":0,"comment_status":"closed","ping_status":"closed","template":"","meta":{"_et_pb_use_builder":"on","_et_pb_old_content":"","_et_gb_content_width":"","footnotes":""},"class_list":["post-1154","page","type-page","status-publish","hentry"],"jetpack_sharing_enabled":true,"_links":{"self":[{"href":"https:\/\/shop.packfix.de\/index.php?rest_route=\/wp\/v2\/pages\/1154","targetHints":{"allow":["GET"]}}],"collection":[{"href":"https:\/\/shop.packfix.de\/index.php?rest_route=\/wp\/v2\/pages"}],"about":[{"href":"https:\/\/shop.packfix.de\/index.php?rest_route=\/wp\/v2\/types\/page"}],"author":[{"embeddable":true,"href":"https:\/\/shop.packfix.de\/index.php?rest_route=\/wp\/v2\/users\/1"}],"replies":[{"embeddable":true,"href":"https:\/\/shop.packfix.de\/index.php?rest_route=%2Fwp%2Fv2%2Fcomments&post=1154"}],"version-history":[{"count":2,"href":"https:\/\/shop.packfix.de\/index.php?rest_route=\/wp\/v2\/pages\/1154\/revisions"}],"predecessor-version":[{"id":1157,"href":"https:\/\/shop.packfix.de\/index.php?rest_route=\/wp\/v2\/pages\/1154\/revisions\/1157"}],"wp:attachment":[{"href":"https:\/\/shop.packfix.de\/index.php?rest_route=%2Fwp%2Fv2%2Fmedia&parent=1154"}],"curies":[{"name":"wp","href":"https:\/\/api.w.org\/{rel}","templated":true}]}}