{"id":14,"date":"2023-08-10T08:47:41","date_gmt":"2023-08-10T08:47:41","guid":{"rendered":"https:\/\/shop.packfix.de\/?page_id=14"},"modified":"2025-10-07T11:30:33","modified_gmt":"2025-10-07T11:30:33","slug":"impressum","status":"publish","type":"page","link":"https:\/\/shop.packfix.de\/?page_id=14","title":{"rendered":"Impressum"},"content":{"rendered":"<p>[et_pb_section fb_built=&#8221;1&#8243; admin_label=&#8221;section&#8221; _builder_version=&#8221;4.16&#8243; global_colors_info=&#8221;{}&#8221;][et_pb_row column_structure=&#8221;1_3,2_3&#8243; admin_label=&#8221;row&#8221; _builder_version=&#8221;4.16&#8243; background_size=&#8221;initial&#8221; background_position=&#8221;top_left&#8221; background_repeat=&#8221;repeat&#8221; global_colors_info=&#8221;{}&#8221;][et_pb_column type=&#8221;1_3&#8243; _builder_version=&#8221;4.16&#8243; custom_padding=&#8221;|||&#8221; global_colors_info=&#8221;{}&#8221; custom_padding__hover=&#8221;|||&#8221;][et_pb_text admin_label=&#8221;Text&#8221; _builder_version=&#8221;4.21.0&#8243; background_size=&#8221;initial&#8221; background_position=&#8221;top_left&#8221; background_repeat=&#8221;repeat&#8221; global_colors_info=&#8221;{}&#8221;]<\/p>\n<h1 class=\"entry-title main_title\">Impressum<\/h1>\n<div class=\"entry-content\">\n<p>Impressum<br \/>Schr\u00f6der Packfix GmbH<br \/>Verpackungsmittel<br \/>Deutscher Ring 85<br \/>42327 Wuppertal<br \/>Tel.: (02 02) 60 30 21 \/ 22<br \/>Fax: (02 02) 60 28 87<br \/>E-Mail: info@packfix.eu<br \/>Internet: www.packfix.eu<br \/>Gesch\u00e4ftsf\u00fchrer:<br \/>Benjamin Schr\u00f6der<\/p>\n<p><span style=\"font-size: 14px;\">Kammerzugeh\u00f6rigkeit:<\/span><\/p>\n<p>IHK Wuppertal<\/p>\n<p>Registergericht:<br \/>Amtsgericht Wuppertal \u2013 HRB 7199<\/p>\n<p>Umsatzssteuer-ID:<br \/>DE 121 011 249<br \/>Allgemeine Gesch\u00e4ftsbedingungen:<br \/>Download AGB (PDF 496 KB)<\/p>\n<p><strong>Realisation<\/strong><br \/><a href=\"http:\/\/www.wolfundbiere.de\/\" target=\"_blank\" rel=\"noopener\">Konzept<\/a>, <a href=\"http:\/\/www.wolfundbiere.de\/\" target=\"_blank\" rel=\"noopener\">Webdesign<\/a> und technische Umsetzung erfolgten durch:<\/p>\n<p><a href=\"http:\/\/www.wolfundbiere.de\/\" target=\"_blank\" rel=\"noopener\">WB Design<\/a><br \/>Wolf &amp; Biere GbR<\/p>\n<p>Untergr\u00fcnewalder Str.15<br \/>42103 Wuppertal<\/p>\n<p>Tel: 0202 \/ 69 76207<br \/><a href=\"http:\/\/www.wolfundbiere.de\/\" target=\"_blank\" rel=\"noopener\">www.wolfundbiere.de<\/a><\/p>\n<\/div>\n<p>[\/et_pb_text][et_pb_text _module_preset=&#8221;default&#8221;]<\/p>\n<div class=\"woocommerce woocommerce-gzd woocommerce-gzd-complaints-shortcode\">\n\t\t\t<h3>Alternative Streitbeilegung gem\u00e4\u00df Art. 14 Abs. 1 ODR-VO und \u00a7 36 VSBG:<\/h3>\n\t\nZur Teilnahme an einem Streitbeilegungsverfahren vor einer Verbraucherschlichtungsstelle sind wir nicht verpflichtet und nicht bereit.<\/div>\n<p>[\/et_pb_text][\/et_pb_column][et_pb_column type=&#8221;2_3&#8243; _builder_version=&#8221;4.16&#8243; custom_padding=&#8221;|||&#8221; global_colors_info=&#8221;{}&#8221; custom_padding__hover=&#8221;|||&#8221;][et_pb_text _builder_version=&#8221;4.21.0&#8243; _module_preset=&#8221;default&#8221; global_colors_info=&#8221;{}&#8221;]<\/p>\n<div class=\"entry-content\">\n<p>\u00a0<span style=\"font-size: 14px;\">Rechtliche Informationen und Hinweise<\/span><\/p>\n<p>INDEM SIE DIE WEBSITE VERWENDEN, ERKL\u00c4REN SIE IHR EINVERST\u00c4NDNIS MIT DIESEN NUTZUNGSBEDINGUNGEN. VERWENDEN SIE DIE WEBSITE NICHT, WENN SIE MIT DIESEN BEDINGUNGEN NICHT EINVERSTANDEN SIND.<\/p>\n<p>Schr\u00f6der Packfix GmbH (nachfolgend nur noch Packfix genannt) beh\u00e4lt sich das Recht vor, diese Nutzungsbedingungen jederzeit nach eigenem Ermessen zu \u00e4ndern oder zu modifizieren oder Teile zu diesen Nutzungsbedingungen hinzuzuf\u00fcgen oder zu entfernen. Es obliegt Ihnen, sich regelm\u00e4\u00dfig \u00fcber m\u00f6gliche \u00c4nderungen an diesen Nutzungsbedingungen zu informieren. Die fortgesetzte Nutzung der Website nach der Ver\u00f6ffentlichung von \u00c4nderungen durch Sie gilt als Annahme der und als Einverst\u00e4ndniserkl\u00e4rung mit den \u00c4nderungen. Ihre Einhaltung dieser Nutzungsbedingungen vorausgesetzt, gew\u00e4hrt Ihnen Packfix ein pers\u00f6nliches, einfaches, nicht \u00fcbertragbares, eingeschr\u00e4nktes Recht zum Aufrufen und Nutzen der Website.<\/p>\n<p>1. Inhalt des Onlineangebotes<\/p>\n<p>Der Autor \u00fcbernimmt keinerlei Gew\u00e4hr f\u00fcr die Aktualit\u00e4t, Korrektheit, Vollst\u00e4ndigkeit oder Qualit\u00e4t der bereitgestellten Informationen. Haftungsanspr\u00fcche gegen den Autor, welche sich auf Sch\u00e4den materieller oder ideeller Art beziehen, die durch die Nutzung oder Nichtnutzung der dargebotenen Informationen bzw. durch die Nutzung fehlerhafter und unvollst\u00e4ndiger Informationen verursacht wurden sind grunds\u00e4tzlich ausgeschlossen, sofern seitens des Autors kein nachweislich vors\u00e4tzliches oder grob fahrl\u00e4ssiges Verschulden vorliegt. Alle Angebote sind freibleibend und unverbindlich. Der Autor beh\u00e4lt es sich ausdr\u00fccklich vor, Teile der Seiten oder das gesamte Angebot ohne gesonderte Ank\u00fcndigung zu ver\u00e4ndern, zu erg\u00e4nzen, zu l\u00f6schen oder die Ver\u00f6ffentlichung zeitweise oder endg\u00fcltig einzustellen.<\/p>\n<p>2. Verweise und Links<\/p>\n<p>Bei direkten oder indirekten Verweisen auf fremde Internetseiten (\u201eLinks\u201c), die au\u00dferhalb des Verantwortungsbereiches des Autors liegen, w\u00fcrde eine Haftungsverpflichtung ausschlie\u00dflich in dem Fall in Kraft treten, in dem der Autor von den Inhalten Kenntnis hat und es ihm technisch m\u00f6glich und zumutbar w\u00e4re, die Nutzung im Falle rechtswidriger Inhalte zu verhindern. Der Autor erkl\u00e4rt daher ausdr\u00fccklich, dass zum Zeitpunkt der Linksetzung die entsprechenden verlinkten Seiten frei von illegalen Inhalten waren. Der Autor hat keinerlei Einfluss auf die aktuelle und zuk\u00fcnftige Gestaltung und auf die Inhalte der gelinkten\/verkn\u00fcpften Seiten. Deshalb distanziert er sich hiermit ausdr\u00fccklich von allen Inhalten aller gelinkten \/verkn\u00fcpften Seiten, die nach der Linksetzung ver\u00e4ndert wurden. Diese Feststellung gilt f\u00fcr alle innerhalb des eigenen Internetangebotes gesetzten Links und Verweise sowie f\u00fcr Fremdeintr\u00e4ge in vom Autor eingerichteten G\u00e4steb\u00fcchern, Diskussionsforen und Mailinglisten. F\u00fcr illegale, fehlerhafte oder unvollst\u00e4ndige Inhalte und insbesondere f\u00fcr Sch\u00e4den, die aus der Nutzung oder Nichtnutzung solcherart dargebotener Informationen entstehen, haftet allein der Anbieter der Seite, auf welche verwiesen wurde, nicht derjenige, der \u00fcber Links auf die jeweilige Ver\u00f6ffentlichung lediglich verweist.<\/p>\n<p>3. Urheber- und Kennzeichenrecht<\/p>\n<p>Der Autor ist bestrebt, in allen Publikationen die Urheberrechte der verwendeten Grafiken, Tondokumente, Videosequenzen und Texte zu beachten, von ihm selbst erstellte Grafiken, Tondokumente, Videosequenzen und Texte zu nutzen oder auf lizenzfreie Grafiken, Tondokumente, Videosequenzen und Texte zur\u00fcckzugreifen. Alle innerhalb des Internetangebotes genannten und ggf. durch Dritte gesch\u00fctzten Marken- und Warenzeichen unterliegen uneingeschr\u00e4nkt den Bestimmungen des jeweils g\u00fcltigen Kennzeichenrechts und den Besitzrechten der jeweiligen eingetragenen Eigent\u00fcmer. Allein aufgrund der blo\u00dfen Nennung ist nicht der Schlu\u00df zu ziehen, dass Markenzeichen nicht durch Rechte Dritter gesch\u00fctzt sind! Das Copyright f\u00fcr ver\u00f6ffentlichte, vom Autor selbst erstellte Objekte bleibt allein beim Autor der Seiten. Eine Vervielf\u00e4ltigung oder Verwendung solcher Grafiken, Tondokumente, Videosequenzen und Texte in anderen elektronischen oder gedruckten Publikationen ist ohne ausdr\u00fcckliche Zustimmung des Autors nicht gestattet.<\/p>\n<\/div>\n<p>[\/et_pb_text][\/et_pb_column][\/et_pb_row][\/et_pb_section]<\/p>\n","protected":false},"excerpt":{"rendered":"<p>Impressum ImpressumSchr\u00f6der Packfix GmbHVerpackungsmittelDeutscher Ring 8542327 WuppertalTel.: (02 02) 60 30 21 \/ 22Fax: (02 02) 60 28 87E-Mail: info@packfix.euInternet: www.packfix.euGesch\u00e4ftsf\u00fchrer:Benjamin Schr\u00f6der Kammerzugeh\u00f6rigkeit: IHK Wuppertal Registergericht:Amtsgericht Wuppertal \u2013 HRB 7199 Umsatzssteuer-ID:DE 121 011 249Allgemeine Gesch\u00e4ftsbedingungen:Download AGB (PDF 496 KB) RealisationKonzept, Webdesign und technische Umsetzung erfolgten durch: WB DesignWolf &amp; Biere GbR Untergr\u00fcnewalder Str.1542103 Wuppertal Tel: [&hellip;]<\/p>\n","protected":false},"author":1,"featured_media":0,"parent":0,"menu_order":0,"comment_status":"closed","ping_status":"closed","template":"","meta":{"_et_pb_use_builder":"on","_et_pb_old_content":"\n[gzd_complaints]","_et_gb_content_width":"","footnotes":""},"class_list":["post-14","page","type-page","status-publish","hentry"],"jetpack_sharing_enabled":true,"_links":{"self":[{"href":"https:\/\/shop.packfix.de\/index.php?rest_route=\/wp\/v2\/pages\/14","targetHints":{"allow":["GET"]}}],"collection":[{"href":"https:\/\/shop.packfix.de\/index.php?rest_route=\/wp\/v2\/pages"}],"about":[{"href":"https:\/\/shop.packfix.de\/index.php?rest_route=\/wp\/v2\/types\/page"}],"author":[{"embeddable":true,"href":"https:\/\/shop.packfix.de\/index.php?rest_route=\/wp\/v2\/users\/1"}],"replies":[{"embeddable":true,"href":"https:\/\/shop.packfix.de\/index.php?rest_route=%2Fwp%2Fv2%2Fcomments&post=14"}],"version-history":[{"count":6,"href":"https:\/\/shop.packfix.de\/index.php?rest_route=\/wp\/v2\/pages\/14\/revisions"}],"predecessor-version":[{"id":1624,"href":"https:\/\/shop.packfix.de\/index.php?rest_route=\/wp\/v2\/pages\/14\/revisions\/1624"}],"wp:attachment":[{"href":"https:\/\/shop.packfix.de\/index.php?rest_route=%2Fwp%2Fv2%2Fmedia&parent=14"}],"curies":[{"name":"wp","href":"https:\/\/api.w.org\/{rel}","templated":true}]}}