{"id":16,"date":"2023-08-10T08:47:41","date_gmt":"2023-08-10T08:47:41","guid":{"rendered":"https:\/\/shop.packfix.de\/?page_id=16"},"modified":"2025-10-07T11:30:35","modified_gmt":"2025-10-07T11:30:35","slug":"agb","status":"publish","type":"page","link":"https:\/\/shop.packfix.de\/?page_id=16","title":{"rendered":"AGB"},"content":{"rendered":"<p>[et_pb_section fb_built=&#8221;1&#8243; _builder_version=&#8221;4.21.0&#8243; _module_preset=&#8221;default&#8221; global_colors_info=&#8221;{}&#8221;][et_pb_row column_structure=&#8221;1_3,2_3&#8243; _builder_version=&#8221;4.21.0&#8243; _module_preset=&#8221;default&#8221; global_colors_info=&#8221;{}&#8221;][et_pb_column type=&#8221;1_3&#8243; _builder_version=&#8221;4.21.0&#8243; _module_preset=&#8221;default&#8221; global_colors_info=&#8221;{}&#8221;][et_pb_text _module_preset=&#8221;default&#8221;]<\/p>\n<div class=\"woocommerce woocommerce-gzd woocommerce-gzd-complaints-shortcode\">\n\t\t\t<h3>Alternative Streitbeilegung gem\u00e4\u00df Art. 14 Abs. 1 ODR-VO und \u00a7 36 VSBG:<\/h3>\n\t\nZur Teilnahme an einem Streitbeilegungsverfahren vor einer Verbraucherschlichtungsstelle sind wir nicht verpflichtet und nicht bereit.<\/div>\n<p>[\/et_pb_text][\/et_pb_column][et_pb_column type=&#8221;2_3&#8243; _builder_version=&#8221;4.21.0&#8243; _module_preset=&#8221;default&#8221; global_colors_info=&#8221;{}&#8221;][et_pb_text _builder_version=&#8221;4.21.0&#8243; _module_preset=&#8221;default&#8221; global_colors_info=&#8221;{}&#8221;]<\/p>\n<p style=\"font-weight: 400;\">AGB &#8211; Allgemeine Gesch\u00e4ftsbedingungen<\/p>\n<p style=\"font-weight: 400;\">Schr\u00f6der Packfix GmbH, Deutscher Ring 85, 42327 Wuppertal<\/p>\n<p style=\"padding-left: 40px;\">1. Geltungsbereich<br \/>2. Angebot und Vertragsschluss<br \/>3. Mindestauftragswerte<br \/>4. R\u00fcckst\u00e4nde<br \/>5. Eigentumsvorbehalt<br \/>6. Widerrufsrecht<br \/>7. Lieferung \/ Versand<br \/>8. M\u00e4ngelhaftung<br \/>9. Gerichtsstand<br \/>10. Schlussbestimmungen<\/p>\n<ol>\n<li style=\"font-weight: 400;\"><strong> Geltungsbereich<\/strong><\/li>\n<\/ol>\n<p style=\"font-weight: 400;\">F\u00fcr die Gesch\u00e4ftsbeziehung zwischen Schr\u00f6der Packfix GmbH ( nachfolgend Packfix genannt ) und dem Besteller gelten ausschlie\u00dflich die nachfolgenden Allgemeinen Gesch\u00e4ftsbedingungen in ihrer zum Zeitpunkt der Bestellung g\u00fcltigen Fassung. Abweichende Bedingungen des Bestellers erkennt Packfix nicht an, es sei denn, Packfix h\u00e4tte ausdr\u00fccklich schriftlich ihrer Geltung zugestimmt.<\/p>\n<ol start=\"2\">\n<li style=\"font-weight: 400;\"><strong> Angebot und Vertragsschluss<\/strong><\/li>\n<\/ol>\n<p style=\"font-weight: 400;\">Die Vertragssprache ist Deutsch.<\/p>\n<p style=\"font-weight: 400;\"><strong>Der Verkauf erfolgt ausschlie\u00dflich an Gewerbetreibende aus Industrie, Handel, Handwerk, Gewerbe, Handel und vergleichbare Personen und Institutionen. <\/strong><\/p>\n<p style=\"font-weight: 400;\">Die Darstellung der Produkte im Online-Shop stellt kein rechtlich bindendes Angebot, sondern einen unverbindlichen Online-Katalog dar. Durch Anklicken des Buttons \u201eBestellung absenden oder Auftrag erteilen\u201c geben Sie eine verbindliche Bestellung der im Warenkorb enthaltenen Waren ab. Die Best\u00e4tigung des Eingangs Ihrer Bestellung erfolgt zeitnah nach dem Absenden der Bestellung. Der Kaufvertrag kommt mit unserer separaten Auftragsbest\u00e4tigung oder Lieferung der Waren zustande.<\/p>\n<p style=\"font-weight: 400;\">Ihre Bestellung stellt ein Angebot an uns zum Abschluss eines Kaufvertrages dar. Wenn Sie eine Bestellung bei Packfix aufgeben, schicken wir Ihnen eine E-Mail, die den Eingang Ihrer Bestellung bei uns best\u00e4tigt und deren Einzelheiten auff\u00fchrt ( Bestellbest\u00e4tigung ). Diese Bestellbest\u00e4tigung stellt keine Annahme Ihres Angebotes dar, sondern soll Sie nur dar\u00fcber informieren, dass Ihre Bestellung bei uns eingegangen ist. \u00dcber Produkte aus ein und derselben Bestellung, die nicht in der Auftragsbest\u00e4tigung aufgef\u00fchrt sind, kommt kein Kaufvertrag zustande.<\/p>\n<p style=\"font-weight: 400;\">Wir sind zu Teillieferungen berechtigt. Bei Teillieferungen tragen wir selbstverst\u00e4ndlich die dadurch entstehenden zus\u00e4tzlichen Versandkosten.<\/p>\n<p style=\"font-weight: 400;\">Bei Lieferungen in die Schweiz und au\u00dferhalb des Geltungsbereichs der Europ\u00e4ischen Union wird von unserem Shopsystem keine deutsche Mehrwertsteuer berechnet. Gleiches gilt f\u00fcr ein <span>\u00a0<\/span>Kundenkonto im Geltungsbereich der EU f\u00fcr die uns eine g\u00fcltige Umsatzsteueridentifikationsnummer bekannt ist. Von unserem Shopsystem werden Ihnen dann lediglich die Nettopreise ohne die deutsche Mehrwertsteuer ausgewiesen und berechnet.<\/p>\n<ol start=\"3\">\n<li style=\"font-weight: 400;\"><strong> Mindestauftragswerte<\/strong><\/li>\n<\/ol>\n<p style=\"font-weight: 400;\">Je nach Verkaufsregion gestaffelt gilt ein Mindestauftragswert, der m\u00f6glichst nicht unterschritten werden sollte und der wirtschaftlichen Abwicklung der Auftr\u00e4ge zu den vereinbarten Konditionen dient.<\/p>\n<p style=\"font-weight: 400;\">Die Mindestauftragswerte , <strong>netto Warenwert<\/strong>, in den Verkaufsregionen sind:<\/p>\n<table style=\"font-weight: 400;\">\n<tbody>\n<tr>\n<td>\n<p>Innerhalb Deutschland<\/p>\n<\/td>\n<td>\n<p>EUR 80 je Auftrag<\/p>\n<\/td>\n<\/tr>\n<tr>\n<td>\n<p>Europ\u00e4isches Ausland<\/p>\n<\/td>\n<td>\n<p>EUR 200 je Auftrag<\/p>\n<\/td>\n<\/tr>\n<tr>\n<td>\n<p>Au\u00dfereurop\u00e4isches Ausland<\/p>\n<\/td>\n<td>\n<p>EUR 1.500 je Auftrag<\/p>\n<\/td>\n<\/tr>\n<tr>\n<td>\n<p>\u00dcbersee<\/p>\n<\/td>\n<td>\n<p>EUR 2.500 je Auftrag<\/p>\n<\/td>\n<\/tr>\n<\/tbody>\n<\/table>\n<p style=\"font-weight: 400;\">\n<p style=\"font-weight: 400;\">\n<p style=\"font-weight: 400;\">\n<p style=\"font-weight: 400;\">Bei Unterschreitung des Mindestauftragswertes wird automatisch ein Mindermengenaufschlag von EUR 25 berechnet. Das Unternehmen beh\u00e4lt sich vor Auftr\u00e4ge abzulehnen. Rechnungsstellung erfolgt jeweils in EUR.<\/p>\n<p style=\"font-weight: 400;\">F\u00fcr einen Erstauftrag behalten wir uns das Recht vor, nur gegen Vorkasse, zu versenden.<\/p>\n<ol start=\"4\">\n<li style=\"font-weight: 400;\"><strong> Preisstellung<\/strong><\/li>\n<\/ol>\n<p style=\"font-weight: 400;\">Innerhalb Deutschlands: Netto-Preise zuz\u00fcglich der jeweils gesetzlich g\u00fcltigen Mehrwertsteuer.<\/p>\n<p style=\"font-weight: 400;\">Innerhalb der EU: Netto-Preise zuz\u00fcglich der jeweils gesetzlich g\u00fcltigen Mehrwertsteuer, bei Angabe einer g\u00fcltigen VAT-ID-Nummer ohne Mehrwertsteuer.<\/p>\n<p style=\"font-weight: 400;\">Au\u00dferhalb der EU: Netto-Preis ohne Mehrwertsteuer.<\/p>\n<ol start=\"5\">\n<li style=\"font-weight: 400;\"><strong> R\u00fcckst\u00e4nde<\/strong><\/li>\n<\/ol>\n<p style=\"font-weight: 400;\">Bei Lieferung von Teillieferungen beh\u00e4lt sich Packfix vor, R\u00fcckst\u00e4nde in unwirtschaftlicher Gr\u00f6\u00dfenordnung zu stornieren. In Absprache mit dem K\u00e4ufer kann dieser vor Auslieferung bzw. Stornierung eines R\u00fcckstandes den Auftrag erg\u00e4nzen um den Auftragswert anzuheben.<\/p>\n<p style=\"font-weight: 400;\">Bei einer h\u00f6heren Auftragserg\u00e4nzung fallen die \u00fcblichen Versandkosten f\u00fcr den Gesamtauftrag an.<\/p>\n<ol start=\"6\">\n<li style=\"font-weight: 400;\"><strong> Erweiterter Eigentumsvorbehalt<\/strong><\/li>\n<\/ol>\n<p style=\"font-weight: 400;\">Alle gelieferten Waren bleiben bis zur vollst\u00e4ndigen Bezahlung s\u00e4mtlicher aus der Gesch\u00e4ftsverbindung mit dem K\u00e4ufer entstehenden Forderungen, einschlie\u00dflich Nebenforderungen, Schadensersatzanspr\u00fcchen und Einl\u00f6sungen von Schecks und Wechseln Eigentum des Verk\u00e4ufers, auch im Falle der Weiterver\u00e4u\u00dferung. Der K\u00e4ufer ist berechtigt, die Ware weiterzuverarbeiten und zu ver\u00e4u\u00dfern unter Ber\u00fccksichtigung der nachfolgenden Bestimmungen:<\/p>\n<ol>\n<li style=\"font-weight: 400;\">a) Die Befugnisse des K\u00e4ufers, im ordnungsgem\u00e4\u00dfen Gesch\u00e4ftsverkehr Vorbehaltsware zu verarbeiten, enden, unbeschadet des jederzeit zul\u00e4ssigen Widerrufs durch den Verk\u00e4ufer mit der Zahlungseinstellung des K\u00e4ufers oder mit der Beantragung bzw. Er\u00f6ffnung des Insolvenz- oder des gerichtlichen Vergleichsverfahrens.<\/li>\n<li style=\"font-weight: 400;\">b) Durch Verarbeitung der Vorbehaltsware erwirbt der K\u00e4ufer, der die Ware f\u00fcr den Verk\u00e4ufer verarbeitet, nicht das Eigentum gem. \u00a7 950 BGB an der neuen Sache. Wird die Vorbehaltsware mit anderen Gegenst\u00e4nden verarbeitet, vermischt oder vermengt, erwirbt der Verk\u00e4ufer das Miteigentum an der neuen Sache im Verh\u00e4ltnis des Wertes seiner Eigentumsvorbehaltsware zum Gesamtwarenwert.<\/li>\n<li style=\"font-weight: 400;\">c) Der K\u00e4ufer tritt hiermit die Forderungen mit allen Nebenrechten aus dem Weiterverkauf der Vorbehaltsware an den Verk\u00e4ufer ab, und zwar anteilig auch insoweit, als die Ware verarbeitet, vermischt oder vermengt ist und der Verk\u00e4ufer hieran in H\u00f6he seines Fakturenwertes Miteigentum erlangt hat. Dem Verk\u00e4ufer steht an dieser Zession ein im Verh\u00e4ltnis zum Fakturenwert seiner Vorbehaltsware zum Fakturenwert des Gegenstandes entsprechender Bruchteil der jeweiligen Kaufpreisforderung zu. Hat der K\u00e4ufer diese Forderung im Rahmen des echten Factorings verkauft, so tritt er die an ihre Stelle tretende Forderung gegen den Faktor an den Verk\u00e4ufer ab. Der Verk\u00e4ufer nimmt diese Abtretung an.<\/li>\n<li style=\"font-weight: 400;\">d) Der Verk\u00e4ufer wird in die abgetretenen Forderungen, solange der K\u00e4ufer seinen Zahlungsverpflichtungen nachkommt oder sich seine Verm\u00f6gensverh\u00e4ltnisse nicht wesentlich Verschlechtern, nicht einziehen. Die Einziehungserm\u00e4chtigung erlischt bei Zahlungsverzug und wesentlicher Verm\u00f6gensverschlechterung des K\u00e4ufers. In diesem Fall ist der Verk\u00e4ufer vom K\u00e4ufer bevollm\u00e4chtigt, die Abnehmer von der Abtretung zu unterrichten und die Forderung selbst einzuziehen.<\/li>\n<\/ol>\n<p style=\"font-weight: 400;\">Der K\u00e4ufer ist verpflichtet, dem Verk\u00e4ufer auf Verlangen eine genaue Aufstellung der dem Verk\u00e4ufer zustehenden Forderungen mit Namen und Anschrift der Abnehmer, H\u00f6he der einzelnen Forderungen, Rechnungsdatum usw. zu geben und dem Verk\u00e4ufer alle f\u00fcr die Geltendmachung der abgetretenen Forderungen notwendigen Ausk\u00fcnfte zu erteilen und die \u00dcberpr\u00fcfung dieser Ausk\u00fcnfte zu erteilen und die \u00dcberpr\u00fcfung dieser Ausk\u00fcnfte zu gestatten.<\/p>\n<ol start=\"7\">\n<li style=\"font-weight: 400;\"><strong> Widerrufsrecht<\/strong><\/li>\n<\/ol>\n<p style=\"font-weight: 400;\">Der Onlineshop packfix-shop.de ist ein B-2-B-Shop (Business to Business). Bei Gesch\u00e4ften unter Vollkaufleuten gibt es kein Widerrufsrecht, wie beim B-to-C-Gesch\u00e4ft (Business to Consumer). Ein Widerrufsrecht wird deshalb ausgeschlossen.<\/p>\n<ol start=\"8\">\n<li style=\"font-weight: 400;\"><strong> Lieferung\u00a0und Versand<\/strong><\/li>\n<\/ol>\n<p style=\"font-weight: 400;\">Sofern nicht anders vereinbart, erfolgt die Lieferung ab dem Lager von Packfix an die vom Besteller angegebene Lieferadresse unversichert und zu Lasten und Gefahr des K\u00e4ufers. Die Lieferzeit betr\u00e4gt ca. 1 bis 7 Werktage. Auf evtl. abweichende Lieferzeiten weisen wir auf der jeweiligen Produktseite hin, bzw nennen einen sp\u00e4teren Liefertermin in unserer Auftragsbest\u00e4tigung. <span>\u00a0<\/span>Falls Packfix ohne eigenes Verschulden zur Lieferung der bestellten Ware nicht in der Lage ist, ist Packfix dem Besteller gegen\u00fcber zum R\u00fccktritt berechtigt. In diesem Fall wird der Besteller unverz\u00fcglich dar\u00fcber informiert, dass das bestellte Produkt nicht zur Verf\u00fcgung steht. Die gesetzlichen Anspr\u00fcche des Bestellers bleiben unber\u00fchrt.<\/p>\n<p style=\"font-weight: 400;\">F\u00fcr alle Angebote \/ Lieferungen von Verkaufs- und Service-Verpackungen werden durch uns keine Entsorgungskosten an ein duales System abgef\u00fchrt. Wir gehen davon aus, dass Sie als in den Verkehr-Bringer, die aktuellen gesetzlichen Bestimmungen und Meldepflichten der Verpackungsverordnung eigenst\u00e4ndig erf\u00fcllen.<\/p>\n<p style=\"font-weight: 400;\">Die in der Bestellbest\u00e4tigung angegebenen Versandkosten, k\u00f6nnen von den tats\u00e4chlichen, in Auftragsbest\u00e4tigung und Rechnung ausgewiesenen, abweichen! Wir w\u00e4hlen f\u00fcr Sie stehts eine passende Versandart. Versandkosten min \u20ac 9,80 \/ Paket zzgl. gesetzliche Mehrwertsteuer.<\/p>\n<ol start=\"9\">\n<li style=\"font-weight: 400;\"><strong> M\u00e4ngelhaftung<\/strong><\/li>\n<\/ol>\n<p style=\"font-weight: 400;\">Reklamationen werden nur binnen 8 Tagen nach Erhalt der Ware anerkannt. Im Falle berechtigter Beanstandung haben wir nach unserer Wahl das Recht, den Betrag zu verg\u00fcten oder einwandfreie Ware nachzuliefern. Weitere Anspr\u00fcche jeder Art, insbesondere Schadenersatzanspr\u00fcche, werden ausgeschlossen. R\u00fccksendungen bed\u00fcrfen unserer Zustimmung. Bei nicht mit uns abgesprochenen R\u00fccksendungen wird die Annahme verweigert. Bei Empfang der Sendung sind etwaige Sch\u00e4den oder Differenzen bei der Paketanzahl sofort beim Auslieferer schriftlich anzuzeigen.<\/p>\n<p style=\"font-weight: 400;\">Bei der Textilproduktion, Druckauftr\u00e4gen und allen kundenspezifischen Anfertigungen, k\u00f6nnen von Lieferung zu Lieferung Abweichungen in Breite, L\u00e4nge bzw. Materialst\u00e4rke, aber auch Farbe entstehen. Wir versuchen diese Abweichungen so gering wie m\u00f6glich zu halten, sie k\u00f6nnen jedoch produktionsbedingt auftreten und sind damit nicht komplett vermeidbar. Reklamationen mit Hinweis auf solche Gr\u00f6\u00dfen- oder Farbabweichungen k\u00f6nnen daher nicht akzeptiert werden, wenn die Ware ansonsten m\u00e4ngelfrei ist.<\/p>\n<p style=\"font-weight: 400;\">Liegt ein Mangel der Kaufsache vor, gelten die gesetzlichen Vorschriften. Die Abtretung dieser Anspr\u00fcche des Bestellers ist ausgeschlossen. Soweit sich nachstehend nichts anderes ergibt, sind weitergehende Anspr\u00fcche des Bestellers, gleich aus welchem Rechtsgr\u00fcnden, ausgeschlossen. Packfix haftet nicht f\u00fcr Sch\u00e4den, die nicht am Liefergegenstand selbst entstanden sind, insbesondere haftet Packfix nicht f\u00fcr entgangenen Gewinn oder f\u00fcr sonstige Verm\u00f6genssch\u00e4den des Bestellers.\u00a0<\/p>\n<ol start=\"10\">\n<li style=\"font-weight: 400;\"><strong> Gerichtsstand<\/strong><\/li>\n<\/ol>\n<p style=\"font-weight: 400;\">Erf\u00fcllungsort bei Gerichtsstand ist Wuppertal, es sei denn mit dem K\u00e4ufer ist explizit etwas anderes vereinbart.<\/p>\n<ol start=\"11\">\n<li style=\"font-weight: 400;\"><strong> Schlussbestimmungen<\/strong><\/li>\n<\/ol>\n<p style=\"font-weight: 400;\">Es gilt das Recht der Bundesrepublik Deutschland unter Ausschluss des UN Kaufrechts. Sollten einzelne Bestimmungen des Vertrages mit dem Kunden einschlie\u00dflich dieser allgemeinen Gesch\u00e4ftsbedingungen ganz oder teilweise unwirksam sein oder werden, so wird hierdurch die G\u00fcltigkeit der \u00fcbrigen Bestimmungen nicht ber\u00fchrt.<\/p>\n<p style=\"font-weight: 400;\">\n<p>[\/et_pb_text][\/et_pb_column][\/et_pb_row][\/et_pb_section]<\/p>\n","protected":false},"excerpt":{"rendered":"<p><div class=\"woocommerce woocommerce-gzd woocommerce-gzd-complaints-shortcode\">\n\t\t\t<h3>Alternative Streitbeilegung gem\u00e4\u00df Art. 14 Abs. 1 ODR-VO und \u00a7 36 VSBG:<\/h3>\n\t\nZur Teilnahme an einem Streitbeilegungsverfahren vor einer Verbraucherschlichtungsstelle sind wir nicht verpflichtet und nicht bereit.<\/div> AGB &#8211; Allgemeine Gesch\u00e4ftsbedingungen Schr\u00f6der Packfix GmbH, Deutscher Ring 85, 42327 Wuppertal 1. Geltungsbereich2. Angebot und Vertragsschluss3. Mindestauftragswerte4. R\u00fcckst\u00e4nde5. Eigentumsvorbehalt6. Widerrufsrecht7. Lieferung \/ Versand8. M\u00e4ngelhaftung9. Gerichtsstand10. Schlussbestimmungen Geltungsbereich F\u00fcr die Gesch\u00e4ftsbeziehung zwischen Schr\u00f6der Packfix GmbH ( nachfolgend Packfix genannt ) und dem Besteller gelten ausschlie\u00dflich die nachfolgenden Allgemeinen Gesch\u00e4ftsbedingungen in ihrer zum Zeitpunkt der [&hellip;]<\/p>\n","protected":false},"author":1,"featured_media":0,"parent":0,"menu_order":0,"comment_status":"closed","ping_status":"closed","template":"","meta":{"_et_pb_use_builder":"on","_et_pb_old_content":"","_et_gb_content_width":"","footnotes":""},"class_list":["post-16","page","type-page","status-publish","hentry"],"jetpack_sharing_enabled":true,"_links":{"self":[{"href":"https:\/\/shop.packfix.de\/index.php?rest_route=\/wp\/v2\/pages\/16","targetHints":{"allow":["GET"]}}],"collection":[{"href":"https:\/\/shop.packfix.de\/index.php?rest_route=\/wp\/v2\/pages"}],"about":[{"href":"https:\/\/shop.packfix.de\/index.php?rest_route=\/wp\/v2\/types\/page"}],"author":[{"embeddable":true,"href":"https:\/\/shop.packfix.de\/index.php?rest_route=\/wp\/v2\/users\/1"}],"replies":[{"embeddable":true,"href":"https:\/\/shop.packfix.de\/index.php?rest_route=%2Fwp%2Fv2%2Fcomments&post=16"}],"version-history":[{"count":4,"href":"https:\/\/shop.packfix.de\/index.php?rest_route=\/wp\/v2\/pages\/16\/revisions"}],"predecessor-version":[{"id":1625,"href":"https:\/\/shop.packfix.de\/index.php?rest_route=\/wp\/v2\/pages\/16\/revisions\/1625"}],"wp:attachment":[{"href":"https:\/\/shop.packfix.de\/index.php?rest_route=%2Fwp%2Fv2%2Fmedia&parent=16"}],"curies":[{"name":"wp","href":"https:\/\/api.w.org\/{rel}","templated":true}]}}